{"id":53,"date":"2017-11-11T19:09:40","date_gmt":"2017-11-11T19:09:40","guid":{"rendered":"http:\/\/familiatafner.com\/?page_id=53"},"modified":"2018-02-18T11:11:53","modified_gmt":"2018-02-18T13:11:53","slug":"home","status":"publish","type":"page","link":"https:\/\/familiatafner.com\/en\/","title":{"rendered":"Home"},"content":{"rendered":"<div class=\"wpb-content-wrapper\"><p>[vc_row][vc_column width=&#8221;1\/2&#8243;][vc_empty_space height=&#8221;100px&#8221;][vc_column_text css_animation=&#8221;fadeInDown&#8221;]<\/p>\n<h3 style=\"text-align: center;\">Tafner Family Reunion<\/h3>\n<p>November 19th was a special date for the Tafner Family. For the first time, the descendants of Angelo Tafner,\u00a0 immigrant and patriarch of the Tafner Family in the state of Santa Catarina, reunited to celebrate his legacy.<\/p>\n<p>Family and friends gathered for the reunion in the Santo Ant\u00f4nio community, in the small city of Rio dos Cedros (Santa Catarina \u2013 Brazil). The choice of this location didn\u2019t happen by chance: this was the very place where Angelo Tafner \u2013 alongside many other immigrants \u2013 settled with his family after leaving the town of Mattarello (Trento \u2013 Italy) in the 19th century.[\/vc_column_text][vc_btn title=&#8221;Learn More&#8221; size=&#8221;lg&#8221; i_icon_fontawesome=&#8221;fa fa-info-circle&#8221; add_icon=&#8221;true&#8221; link=&#8221;url:http%3A%2F%2Ffamiliatafner.com%2Fen%2Fencontro_tafner%2F|||&#8221;][\/vc_column][vc_column width=&#8221;1\/2&#8243;][vc_empty_space height=&#8221;100px&#8221;][vc_single_image image=&#8221;530&#8243; img_size=&#8221;large&#8221; alignment=&#8221;center&#8221; css_animation=&#8221;fadeInDown&#8221;][\/vc_column][\/vc_row][vc_row][vc_column width=&#8221;1\/2&#8243;][vc_empty_space height=&#8221;100px&#8221;][vc_column_text css_animation=&#8221;none&#8221;]<\/p>\n<h3 style=\"text-align: center;\">Tafner Family&#8217;s Book Released<\/h3>\n<p>In March 2017, the book \u201cFam\u00edlia Tafner: surgimento e trajet\u00f3ria, na Europa e no Brasil\u201d was released. (In English, \u201cTafner Family: emergence and trajectory, in Europe and Brazil\u201d \u2013 no English version available)<\/p>\n<p>The book was authored by Maria Antonietta Bellato Tafner, Ol\u00edvio Taffner and Andrey Jos\u00e9 Taffner Fraga, sponsored by prof. Jos\u00e9 Tafner and prefaced by Alberto Tafner \u2013 current president of the Associazione Trentini nel Mondo (based in Trento, Italy).<\/p>\n<p>In 1995 in Trento, Italy, Maria Antonietta Bellato Tafner gathered the first records that would ultimately shed light on the origins of the Tafner family. On the night she celebrated her silver wedding anniversary, she and her husband Alberto Tafner presented her extended family with her findings. Through her efforts, the history of the Tafner family was recorded for the first time.[\/vc_column_text][vc_btn title=&#8221;Learn More&#8221; size=&#8221;lg&#8221; i_icon_fontawesome=&#8221;fa fa-info-circle&#8221; add_icon=&#8221;true&#8221; link=&#8221;url:http%3A%2F%2Ffamiliatafner.com%2Flivro-da-familia-tafner%2F|||&#8221;][\/vc_column][vc_column width=&#8221;1\/2&#8243;][vc_single_image image=&#8221;76&#8243; img_size=&#8221;355&#215;533&#8243; alignment=&#8221;center&#8221; css_animation=&#8221;fadeInDown&#8221;]<div id=\"fullwidth-block-69ea31d924f98\" class=\"fullwidth-block fullwidth-block-parallax-vertical clearfix\" data-mobile-parallax-enable=\"0\" style=\"color: #ffffff;background-color: #ffffff;\"><script type=\"text\/javascript\">if (typeof(gem_fix_fullwidth_position) == \"function\") { gem_fix_fullwidth_position(document.getElementById(\"fullwidth-block-69ea31d924f98\")); }<\/script><div class=\"fullwidth-block-inner\"><\/div><\/div>[\/vc_column][\/vc_row][vc_row][vc_column width=&#8221;1\/2&#8243;][vc_empty_space height=&#8221;80px&#8221;][vc_column_text]<\/p>\n<h3><\/h3>\n<h3 style=\"text-align: left;\">History of the Tafner Family<\/h3>\n<p>Tafner is a surname of Germanic origin, linked to the ancient word Tauf that means abyss, cliff, steep path between mountains or canyons.<\/p>\n<p>The surname is widespread in the Alpine region of German-speaking countries including Germany, Austria and Switzerland. In Italy, it only exists in the Trentino-Alto Adige region.[\/vc_column_text][vc_btn title=&#8221;Learn More&#8221; size=&#8221;lg&#8221; i_icon_fontawesome=&#8221;fa fa-info-circle&#8221; add_icon=&#8221;true&#8221; link=&#8221;url:http%3A%2F%2Ffamiliatafner.com%2Fhistoria|||&#8221;][\/vc_column][vc_column width=&#8221;1\/2&#8243;][vc_empty_space height=&#8221;80px&#8221;][vc_single_image image=&#8221;99&#8243; img_size=&#8221;600&#215;487&#8243; alignment=&#8221;center&#8221;][\/vc_column][\/vc_row][vc_row][vc_column][\/vc_column][\/vc_row]<\/p>\n<\/div>","protected":false},"excerpt":{"rendered":"<p>[vc_row][vc_column width=&#8221;1\/2&#8243;][vc_empty_space height=&#8221;100px&#8221;][vc_column_text css_animation=&#8221;fadeInDown&#8221;] Tafner Family Reunion November 19th was a special date for the Tafner Family. For the first&#8230;<\/p>\n","protected":false},"author":1,"featured_media":0,"parent":0,"menu_order":0,"comment_status":"closed","ping_status":"closed","template":"","meta":{"footnotes":""},"class_list":["post-53","page","type-page","status-publish"],"_links":{"self":[{"href":"https:\/\/familiatafner.com\/en\/wp-json\/wp\/v2\/pages\/53","targetHints":{"allow":["GET"]}}],"collection":[{"href":"https:\/\/familiatafner.com\/en\/wp-json\/wp\/v2\/pages"}],"about":[{"href":"https:\/\/familiatafner.com\/en\/wp-json\/wp\/v2\/types\/page"}],"author":[{"embeddable":true,"href":"https:\/\/familiatafner.com\/en\/wp-json\/wp\/v2\/users\/1"}],"replies":[{"embeddable":true,"href":"https:\/\/familiatafner.com\/en\/wp-json\/wp\/v2\/comments?post=53"}],"version-history":[{"count":99,"href":"https:\/\/familiatafner.com\/en\/wp-json\/wp\/v2\/pages\/53\/revisions"}],"predecessor-version":[{"id":772,"href":"https:\/\/familiatafner.com\/en\/wp-json\/wp\/v2\/pages\/53\/revisions\/772"}],"wp:attachment":[{"href":"https:\/\/familiatafner.com\/en\/wp-json\/wp\/v2\/media?parent=53"}],"curies":[{"name":"wp","href":"https:\/\/api.w.org\/{rel}","templated":true}]}}