{"id":107,"date":"2017-11-11T22:18:09","date_gmt":"2017-11-12T00:18:09","guid":{"rendered":"http:\/\/familiatafner.com\/?page_id=107"},"modified":"2018-02-22T20:54:25","modified_gmt":"2018-02-22T22:54:25","slug":"livro-da-familia-tafner","status":"publish","type":"page","link":"https:\/\/familiatafner.com\/it\/livro-da-familia-tafner\/","title":{"rendered":"Livro"},"content":{"rendered":"<div class=\"wpb-content-wrapper\"><p>[vc_row][vc_column][vc_raw_js]JTNDJTIxLS0lMjBHbG9iYWwlMjBzaXRlJTIwdGFnJTIwJTI4Z3RhZy5qcyUyOSUyMC0lMjBHb29nbGUlMjBBbmFseXRpY3MlMjAtLSUzRSUwQSUzQ3NjcmlwdCUyMGFzeW5jJTIwc3JjJTNEJTIyaHR0cHMlM0ElMkYlMkZ3d3cuZ29vZ2xldGFnbWFuYWdlci5jb20lMkZndGFnJTJGanMlM0ZpZCUzRFVBLTEwNjU0MjI0OS02JTIyJTNFJTNDJTJGc2NyaXB0JTNFJTBBJTNDc2NyaXB0JTNFJTBBJTIwJTIwd2luZG93LmRhdGFMYXllciUyMCUzRCUyMHdpbmRvdy5kYXRhTGF5ZXIlMjAlN0MlN0MlMjAlNUIlNUQlM0IlMEElMjAlMjBmdW5jdGlvbiUyMGd0YWclMjglMjklN0JkYXRhTGF5ZXIucHVzaCUyOGFyZ3VtZW50cyUyOSUzQiU3RCUwQSUyMCUyMGd0YWclMjglMjdqcyUyNyUyQyUyMG5ldyUyMERhdGUlMjglMjklMjklM0IlMEElMEElMjAlMjBndGFnJTI4JTI3Y29uZmlnJTI3JTJDJTIwJTI3VUEtMTA2NTQyMjQ5LTYlMjclMjklM0IlMEElM0MlMkZzY3JpcHQlM0U=[\/vc_raw_js][vc_empty_space height=&#8221;60px&#8221;][vc_column_text css_animation=&#8221;fadeInDown&#8221;]<\/p>\n<h3 style=\"text-align: center;\"><strong>Pubblicazione del libro della \u201cFamiglia Tafner\u201d<\/strong><\/h3>\n<p><img decoding=\"async\" class=\"alignleft wp-image-76\" src=\"http:\/\/familiatafner.com\/wp-content\/uploads\/2017\/11\/livro3d.png\" alt=\"\" width=\"400\" height=\"600\" srcset=\"https:\/\/familiatafner.com\/wp-content\/uploads\/2017\/11\/livro3d.png 533w, https:\/\/familiatafner.com\/wp-content\/uploads\/2017\/11\/livro3d-200x300.png 200w\" sizes=\"(max-width: 400px) 100vw, 400px\" \/><\/p>\n<p>&nbsp;<\/p>\n<p>Nel mese di marzo 2017 \u00e8 stato pubblicato il libro \u201cFam\u00edlia Tafner: surgimento e trajet\u00f3ria, na Europa e no Brasil\u201d (Famiglia Tafner: origine ed evoluzione in Europa e in Brasile \u2013 ancora senza traduzione in italiano). Gli autori sono Maria Antonietta Bellato Tafner (di Trento), Olivio Taffner (Rio dos Cedros\/SC &#8211; Brasile) e Andrey Jos\u00e9 Taffner Fraga (Blumenau\/SC &#8211; Brasile). Il libro \u00e8 stato patrocinato dal prof. Jos\u00e9 Tafner, con prefazione di Alberto Tafner, attuale presidente dell&#8217;Associazione Trentini nel Mondo (con sede a Trento).<\/p>\n<p>Questo libro \u00e8 il risultato di molti anni di studi. Tutto \u00e8 iniziato nel 1995 a Trento, quando Maria Antonietta Bellato Tafner ha condotto la prima ricerca sulle origini della famiglia Tafner. In occasione delle sue nozze d\u00b4argento con Alberto Tafner, ha presentato alla famiglia il risultato dei suoi studi. Con questo lavoro, per la prima volta la storia della famiglia Tafner \u00e8 stata conosciuta.<\/p>\n<p>Nel corso degli anni &#8217;90, anche i discendenti di emigrati della famiglia Tafner in Brasile hanno iniziato le ricerche. Il professor Jos\u00e9 Tafner \u00e8 stato il primo: ha stabilito un contatto con Antonietta Tafner e con gli altri membri della famiglia a Trento ed ha anche ricostruito la storia e la genealogia di Giovanni Tafner, suo nonno, figlio dell&#8217;emigrato Angelo Tafner (patriarca della famiglia Tafner di Santa Catarina).<\/p>\n<p>Nello stesso periodo, Ol\u00edvio Taffner ha svolto la stessa ricerca sulla storia e la genealogia di Guglielmo Tafner, suo nonno, anche lui figlio dell&#8217;emigrato Angelo Tafner. Anni dopo, Andrey Jos\u00e9 Taffner Fraga ha iniziato la sua raccolta di dati genealogici e storici per la composizione del libro ora presentato.<\/p>\n<p>Cos\u00ec la storia della famiglia Tafner \u00e8 stata scritta. Tutto ci\u00f2 che appare nel libro \u00e8 il risultato di molti anni di ricerche accurate, consultazioni ad archivi, biblioteche, uffici, registri, ed anche conversazioni e interviste con i membri della famiglia.<\/p>\n<p>In questo libro, il lettore trover\u00e0 tutta la storia e l&#8217;evoluzione della famiglia Tafner sul suolo europeo. Tutto inizia fra il XIII e il XIV secolo, con l&#8217;attraversamento delle Alpi da parte di popolazioni tedesche verso l&#8217;Italia. Verr\u00e0 spiegato come la famiglia ha avuto un cognome (Tafner, originariamente scritto Taufner) riferito ad una localit\u00e0 della &#8220;Val dei Mocheni&#8221;, piccola valle tuttora abitata da una popolazione d&#8217;origine tedesca nella Provincia di Trento.<\/p>\n<p>In seguito sar\u00e0 affrontata la migrazione della famiglia all&#8217;interno della Provincia di Trento e, infine, l&#8217;emigrazione definitiva di alcuni membri in Brasile e negli Stati Uniti. L&#8217;ultima parte del libro si occupa della biografia di Angelo Tafner, emigrato della famiglia e patriarca dei Tafner nello stato di Santa Catarina (Brasile), nonch\u00e9 della genealogia del suo primogenito, Guglielmo Tafner (la storia e la genealogia di Giovanni Tafner, un altro figlio di Angelo, sar\u00e0 raccontata in un secondo libro).<\/p>\n<p>Cos\u00ec l&#8217;evoluzione della famiglia Tafner viene raccontata per i posteri, affinch\u00e9 non cada nell&#8217;oblio, e perch\u00e9 i vari esempi di lotta per la sopravvivenza e superamento delle difficolt\u00e0 possano servire come esempio per la generazione presente e per le future.[\/vc_column_text][vc_empty_space height=&#8221;60px&#8221;][\/vc_column][\/vc_row][vc_row][vc_column width=&#8221;1\/6&#8243;][\/vc_column][vc_column width=&#8221;2\/3&#8243;][vc_column_text]<\/p>\n<h3 style=\"text-align: center;\">INTERVISTA ALLA STAZIONE 92 FM (PORTOGHESE)<\/h3>\n<p>[\/vc_column_text][vc_empty_space][vc_raw_html]JTNDc3R5bGUlM0UlMEEuaW50cmluc2ljLWNvbnRhaW5lciUyMCU3QiUwQSUyMCUyMHBvc2l0aW9uJTNBJTIwcmVsYXRpdmUlM0IlMEElMjAlMjBoZWlnaHQlM0ElMjAwJTNCJTBBJTIwJTIwb3ZlcmZsb3clM0ElMjBoaWRkZW4lM0IlMEElN0QlMEElMjAlMEElMkYlMkElMjAxNng5JTIwQXNwZWN0JTIwUmF0aW8lMjAlMkElMkYlMEEuaW50cmluc2ljLWNvbnRhaW5lci0xNng5JTIwJTdCJTBBJTIwJTIwcGFkZGluZy1ib3R0b20lM0ElMjA1Ni4yNSUyNSUzQiUwQSU3RCUwQSUyMCUwQS5pbnRyaW5zaWMtY29udGFpbmVyJTIwaWZyYW1lJTIwJTdCJTBBJTIwJTIwcG9zaXRpb24lM0ElMjBhYnNvbHV0ZSUzQiUwQSUyMCUyMHRvcCUzQTAlM0IlMEElMjAlMjBsZWZ0JTNBJTIwMCUzQiUwQSUyMCUyMHdpZHRoJTNBJTIwMTAwJTI1JTNCJTBBJTIwJTIwaGVpZ2h0JTNBJTIwMTAwJTI1JTNCJTBBJTdEJTBBJTNDJTJGc3R5bGUlM0UlMEElMEElM0NkaXYlMjBhbGlnbiUzRCUyMmNlbnRlciUyMiUzRSUwQSUzQ2RpdiUyMGNsYXNzJTNEJTIyaW50cmluc2ljLWNvbnRhaW5lciUyMGludHJpbnNpYy1jb250YWluZXItMTZ4OSUyMiUzRSUwQSUwQSUzQ2lmcmFtZSUyMHNyYyUzRCUyMmh0dHBzJTNBJTJGJTJGd3d3LnlvdXR1YmUuY29tJTJGZW1iZWQlMkZKZjFUY0xkODNQYyUzRndtb2RlJTNEb3BhcXVlJTI2c2hvd2luZm8lM0QwJTI2YXV0b3BsYXklM0QwJTI2Y29udHJvbHMlM0QxJTI2bW9kZXN0YnJhbmRpbmclM0QxJTI2dnElM0QlMjZyZWwlM0QwJTIyJTIwYWxsb3dmdWxsc2NyZWVuJTNEJTIyJTIyJTNFJTBBJTNDJTJGaWZyYW1lJTNFJTBBJTBBJTNDJTJGZGl2JTNFJTBBJTNDJTJGZGl2JTNF[\/vc_raw_html][vc_empty_space height=&#8221;52px&#8221;][\/vc_column][vc_column width=&#8221;1\/6&#8243;][\/vc_column][\/vc_row][vc_row][vc_column][vc_column_text]<\/p>\n<h3 style=\"text-align: center;\">RIVISTE E GIORNALI (PORTOGHESE E ITALIANO)<\/h3>\n<p>[\/vc_column_text][vc_empty_space]<div class=\"preloader\"><div class=\"preloader-spin\"><\/div><\/div> <div class=\"gem-gallery gem-gallery-hover-zooming-blur\"> <div class=\"gem-gallery-item\"> <div class=\"gem-gallery-item-image\"> <a href=\"https:\/\/familiatafner.com\/wp-content\/uploads\/2017\/11\/trentininelmondo-thegem-gallery-fullwidth.jpg\" data-fancybox-group=\"gallery-69ea798273037\" data-full-image-url=\"https:\/\/familiatafner.com\/wp-content\/uploads\/2017\/11\/trentininelmondo.jpg\"> <svg width=\"20\" height=\"10\"><path d=\"M 0,10 Q 9,9 10,0 Q 11,9 20,10\" \/><\/svg> <img decoding=\"async\" src=\"https:\/\/familiatafner.com\/wp-content\/uploads\/2017\/11\/trentininelmondo-thegem-post-thumb-small.jpg\" alt=\"\" class=\"img-responsive\"> <span class=\"gem-gallery-caption slide-info\"> <span class=\"gem-gallery-item-title \"><p>Rivista Trentini Nel Mondo &#8211; Trento\/IT &#8211; Abril de 2017<\/p>\n<\/span> <\/span> <\/a> <span class=\"gem-gallery-line\"><\/span> <\/div> <\/div> <div class=\"gem-gallery-item\"> <div class=\"gem-gallery-item-image\"> <a href=\"https:\/\/familiatafner.com\/wp-content\/uploads\/2017\/11\/insieme-thegem-gallery-fullwidth.jpg\" data-fancybox-group=\"gallery-69ea798273037\" data-full-image-url=\"https:\/\/familiatafner.com\/wp-content\/uploads\/2017\/11\/insieme.jpg\"> <svg width=\"20\" height=\"10\"><path d=\"M 0,10 Q 9,9 10,0 Q 11,9 20,10\" \/><\/svg> <img decoding=\"async\" src=\"https:\/\/familiatafner.com\/wp-content\/uploads\/2017\/11\/insieme-thegem-post-thumb-small.jpg\" alt=\"\" class=\"img-responsive\"> <span class=\"gem-gallery-caption slide-info\"> <span class=\"gem-gallery-item-title \"><p>Revista Insieme &#8211; Curitiba\/PR &#8211; Junho de 2017<\/p>\n<\/span> <\/span> <\/a> <span class=\"gem-gallery-line\"><\/span> <\/div> <\/div> <div class=\"gem-gallery-item\"> <div class=\"gem-gallery-item-image\"> <a href=\"https:\/\/familiatafner.com\/wp-content\/uploads\/2017\/11\/atribuna-amparo-sp-2017-thegem-gallery-fullwidth.jpg\" data-fancybox-group=\"gallery-69ea798273037\" data-full-image-url=\"https:\/\/familiatafner.com\/wp-content\/uploads\/2017\/11\/atribuna-amparo-sp-2017.jpg\"> <svg width=\"20\" height=\"10\"><path d=\"M 0,10 Q 9,9 10,0 Q 11,9 20,10\" \/><\/svg> <img decoding=\"async\" src=\"https:\/\/familiatafner.com\/wp-content\/uploads\/2017\/11\/atribuna-amparo-sp-2017-thegem-post-thumb-small.jpg\" alt=\"\" class=\"img-responsive\"> <span class=\"gem-gallery-caption slide-info\"> <span class=\"gem-gallery-item-title \"><p>Jornal A Tribuna &#8211; Amparo SP &#8211; 28 jul 2017<\/p>\n<\/span> <\/span> <\/a> <span class=\"gem-gallery-line\"><\/span> <\/div> <\/div> <div class=\"gem-gallery-item\"> <div class=\"gem-gallery-item-image\"> <a href=\"https:\/\/familiatafner.com\/wp-content\/uploads\/2017\/11\/santa-thegem-gallery-fullwidth.jpg\" data-fancybox-group=\"gallery-69ea798273037\" data-full-image-url=\"https:\/\/familiatafner.com\/wp-content\/uploads\/2017\/11\/santa.jpg\"> <svg width=\"20\" height=\"10\"><path d=\"M 0,10 Q 9,9 10,0 Q 11,9 20,10\" \/><\/svg> <img decoding=\"async\" src=\"https:\/\/familiatafner.com\/wp-content\/uploads\/2017\/11\/santa-thegem-post-thumb-small.jpg\" alt=\"\" class=\"img-responsive\"> <span class=\"gem-gallery-caption slide-info\"> <span class=\"gem-gallery-item-title \"><p>Jornal de Santa Catarina &#8211; Blumenau\/SC &#8211; 23 de Maio de 2017<\/p>\n<\/span> <\/span> <\/a> <span class=\"gem-gallery-line\"><\/span> <\/div> <\/div> <div class=\"gem-gallery-item\"> <div class=\"gem-gallery-item-image\"> <a href=\"https:\/\/familiatafner.com\/wp-content\/uploads\/2017\/11\/valedoitapocu-thegem-gallery-fullwidth.jpg\" data-fancybox-group=\"gallery-69ea798273037\" data-full-image-url=\"https:\/\/familiatafner.com\/wp-content\/uploads\/2017\/11\/valedoitapocu.jpg\"> <svg width=\"20\" height=\"10\"><path d=\"M 0,10 Q 9,9 10,0 Q 11,9 20,10\" \/><\/svg> <img decoding=\"async\" src=\"https:\/\/familiatafner.com\/wp-content\/uploads\/2017\/11\/valedoitapocu-thegem-post-thumb-small.jpg\" alt=\"\" class=\"img-responsive\"> <span class=\"gem-gallery-caption slide-info\"> <span class=\"gem-gallery-item-title \"><p>Jornal do Vale do Itapocu &#8211; Jaragu\u00e1 do Sul SC &#8211; 4 a 6 ago 2017<\/p>\n<\/span> <\/span> <\/a> <span class=\"gem-gallery-line\"><\/span> <\/div> <\/div> <div class=\"gem-gallery-item\"> <div class=\"gem-gallery-item-image\"> <a href=\"https:\/\/familiatafner.com\/wp-content\/uploads\/2017\/11\/acidade-abr20177-thegem-gallery-fullwidth.jpg\" data-fancybox-group=\"gallery-69ea798273037\" data-full-image-url=\"https:\/\/familiatafner.com\/wp-content\/uploads\/2017\/11\/acidade-abr20177.jpg\"> <svg width=\"20\" height=\"10\"><path d=\"M 0,10 Q 9,9 10,0 Q 11,9 20,10\" \/><\/svg> <img decoding=\"async\" src=\"https:\/\/familiatafner.com\/wp-content\/uploads\/2017\/11\/acidade-abr20177-thegem-post-thumb-small.jpg\" alt=\"\" class=\"img-responsive\"> <span class=\"gem-gallery-caption slide-info\"> <span class=\"gem-gallery-item-title \"><p>Jornal a Cidade &#8211; Timb\u00f3 SC &#8211; 1\u00aa quinzena de abril, 2017<\/p>\n<\/span> <\/span> <\/a> <span class=\"gem-gallery-line\"><\/span> <\/div> <\/div> <div class=\"gem-gallery-item\"> <div class=\"gem-gallery-item-image\"> <a href=\"https:\/\/familiatafner.com\/wp-content\/uploads\/2017\/11\/cafeimpresso-thegem-gallery-fullwidth.jpg\" data-fancybox-group=\"gallery-69ea798273037\" data-full-image-url=\"https:\/\/familiatafner.com\/wp-content\/uploads\/2017\/11\/cafeimpresso.jpg\"> <svg width=\"20\" height=\"10\"><path d=\"M 0,10 Q 9,9 10,0 Q 11,9 20,10\" \/><\/svg> <img decoding=\"async\" src=\"https:\/\/familiatafner.com\/wp-content\/uploads\/2017\/11\/cafeimpresso-thegem-post-thumb-small.jpg\" alt=\"\" class=\"img-responsive\"> <span class=\"gem-gallery-caption slide-info\"> <span class=\"gem-gallery-item-title \"><p>Jornal Caf\u00e9 Impresso &#8211; Timb\u00f3\/SC &#8211; 27 de abril de 2017<\/p>\n<\/span> <\/span> <\/a> <span class=\"gem-gallery-line\"><\/span> <\/div> <\/div> <div class=\"gem-gallery-item\"> <div class=\"gem-gallery-item-image\"> <a href=\"https:\/\/familiatafner.com\/wp-content\/uploads\/2017\/11\/jornalindaial-thegem-gallery-fullwidth.jpg\" data-fancybox-group=\"gallery-69ea798273037\" data-full-image-url=\"https:\/\/familiatafner.com\/wp-content\/uploads\/2017\/11\/jornalindaial.jpg\"> <svg width=\"20\" height=\"10\"><path d=\"M 0,10 Q 9,9 10,0 Q 11,9 20,10\" \/><\/svg> <img decoding=\"async\" src=\"https:\/\/familiatafner.com\/wp-content\/uploads\/2017\/11\/jornalindaial-thegem-post-thumb-small.jpg\" alt=\"\" class=\"img-responsive\"> <span class=\"gem-gallery-caption slide-info\"> <span class=\"gem-gallery-item-title \"><p>Jornal de Indaial &#8211; Indaial\/SC &#8211; Abril de 2017<\/p>\n<\/span> <\/span> <\/a> <span class=\"gem-gallery-line\"><\/span> <\/div> <\/div> <div class=\"gem-gallery-item\"> <div class=\"gem-gallery-item-image\"> <a href=\"https:\/\/familiatafner.com\/wp-content\/uploads\/2017\/11\/mediovale-thegem-gallery-fullwidth.jpg\" data-fancybox-group=\"gallery-69ea798273037\" data-full-image-url=\"https:\/\/familiatafner.com\/wp-content\/uploads\/2017\/11\/mediovale.jpg\"> <svg width=\"20\" height=\"10\"><path d=\"M 0,10 Q 9,9 10,0 Q 11,9 20,10\" \/><\/svg> <img decoding=\"async\" src=\"https:\/\/familiatafner.com\/wp-content\/uploads\/2017\/11\/mediovale-thegem-post-thumb-small.jpg\" alt=\"\" class=\"img-responsive\"> <span class=\"gem-gallery-caption slide-info\"> <span class=\"gem-gallery-item-title \"><p>Jornal do M\u00e9dio Vale &#8211; Timb\u00f3\/SC &#8211; 18 de Agosto de 2017<\/p>\n<\/span> <\/span> <\/a> <span class=\"gem-gallery-line\"><\/span> <\/div> <\/div> <div class=\"gem-gallery-item\"> <div class=\"gem-gallery-item-image\"> <a href=\"https:\/\/familiatafner.com\/wp-content\/uploads\/2017\/11\/mediovale2-thegem-gallery-fullwidth.jpg\" data-fancybox-group=\"gallery-69ea798273037\" data-full-image-url=\"https:\/\/familiatafner.com\/wp-content\/uploads\/2017\/11\/mediovale2.jpg\"> <svg width=\"20\" height=\"10\"><path d=\"M 0,10 Q 9,9 10,0 Q 11,9 20,10\" \/><\/svg> <img decoding=\"async\" src=\"https:\/\/familiatafner.com\/wp-content\/uploads\/2017\/11\/mediovale2-thegem-post-thumb-small.jpg\" alt=\"\" class=\"img-responsive\"> <span class=\"gem-gallery-caption slide-info\"> <span class=\"gem-gallery-item-title \"><p>Jornal do M\u00e9dio Vale &#8211; Timb\u00f3\/SC &#8211; 14 de Abril de 2017<\/p>\n<\/span> <\/span> <\/a> <span class=\"gem-gallery-line\"><\/span> <\/div> <\/div> <div class=\"gem-gallery-item\"> <div class=\"gem-gallery-item-image\"> <a href=\"https:\/\/familiatafner.com\/wp-content\/uploads\/2017\/11\/ocorujao-thegem-gallery-fullwidth.jpg\" data-fancybox-group=\"gallery-69ea798273037\" data-full-image-url=\"https:\/\/familiatafner.com\/wp-content\/uploads\/2017\/11\/ocorujao.jpg\"> <svg width=\"20\" height=\"10\"><path d=\"M 0,10 Q 9,9 10,0 Q 11,9 20,10\" \/><\/svg> <img decoding=\"async\" src=\"https:\/\/familiatafner.com\/wp-content\/uploads\/2017\/11\/ocorujao-thegem-post-thumb-small.jpg\" alt=\"\" class=\"img-responsive\"> <span class=\"gem-gallery-caption slide-info\"> <span class=\"gem-gallery-item-title \"><p>Jornal O Coruj\u00e3o &#8211; Rodeio\/SC &#8211; 26 de Abril de 2017<\/p>\n<\/span> <\/span> <\/a> <span class=\"gem-gallery-line\"><\/span> <\/div> <\/div> <div class=\"gem-gallery-item\"> <div class=\"gem-gallery-item-image\"> <a href=\"https:\/\/familiatafner.com\/wp-content\/uploads\/2017\/11\/oindaialense-thegem-gallery-fullwidth.jpg\" data-fancybox-group=\"gallery-69ea798273037\" data-full-image-url=\"https:\/\/familiatafner.com\/wp-content\/uploads\/2017\/11\/oindaialense.jpg\"> <svg width=\"20\" height=\"10\"><path d=\"M 0,10 Q 9,9 10,0 Q 11,9 20,10\" \/><\/svg> <img decoding=\"async\" src=\"https:\/\/familiatafner.com\/wp-content\/uploads\/2017\/11\/oindaialense-thegem-post-thumb-small.jpg\" alt=\"\" class=\"img-responsive\"> <span class=\"gem-gallery-caption slide-info\"> <span class=\"gem-gallery-item-title \"><p>Jornal O Indaialense &#8211; Indaial\/SC &#8211; 18 de Maio de 2017<\/p>\n<\/span> <\/span> <\/a> <span class=\"gem-gallery-line\"><\/span> <\/div> <\/div> <div class=\"gem-gallery-item\"> <div class=\"gem-gallery-item-image\"> <a href=\"https:\/\/familiatafner.com\/wp-content\/uploads\/2017\/11\/otrentino-thegem-gallery-fullwidth.jpg\" data-fancybox-group=\"gallery-69ea798273037\" data-full-image-url=\"https:\/\/familiatafner.com\/wp-content\/uploads\/2017\/11\/otrentino.jpg\"> <svg width=\"20\" height=\"10\"><path d=\"M 0,10 Q 9,9 10,0 Q 11,9 20,10\" \/><\/svg> <img decoding=\"async\" src=\"https:\/\/familiatafner.com\/wp-content\/uploads\/2017\/11\/otrentino-thegem-post-thumb-small.jpg\" alt=\"\" class=\"img-responsive\"> <span class=\"gem-gallery-caption slide-info\"> <span class=\"gem-gallery-item-title \"><p>Jornal O Trentino &#8211; Nova Trento\/SC &#8211; 21 de Julho de 2017<\/p>\n<\/span> <\/span> <\/a> <span class=\"gem-gallery-line\"><\/span> <\/div> <\/div> <div class=\"gem-gallery-item\"> <div class=\"gem-gallery-item-image\"> <a href=\"https:\/\/familiatafner.com\/wp-content\/uploads\/2017\/11\/pomerode-thegem-gallery-fullwidth.jpg\" data-fancybox-group=\"gallery-69ea798273037\" data-full-image-url=\"https:\/\/familiatafner.com\/wp-content\/uploads\/2017\/11\/pomerode.jpg\"> <svg width=\"20\" height=\"10\"><path d=\"M 0,10 Q 9,9 10,0 Q 11,9 20,10\" \/><\/svg> <img decoding=\"async\" src=\"https:\/\/familiatafner.com\/wp-content\/uploads\/2017\/11\/pomerode-thegem-post-thumb-small.jpg\" alt=\"\" class=\"img-responsive\"> <span class=\"gem-gallery-caption slide-info\"> <span class=\"gem-gallery-item-title \"><p>Jornal de Pomerode &#8211; Pomerode\/SC &#8211; 20 de Maio de 2017<\/p>\n<\/span> <\/span> <\/a> <span class=\"gem-gallery-line\"><\/span> <\/div> <\/div> <div class=\"gem-gallery-item\"> <div class=\"gem-gallery-item-image\"> <a href=\"https:\/\/familiatafner.com\/wp-content\/uploads\/2018\/02\/Jornal-do-M\u00e9dio-Vale-Timbo-SC-3-mai-2013-thegem-gallery-fullwidth.jpg\" data-fancybox-group=\"gallery-69ea798273037\" data-full-image-url=\"https:\/\/familiatafner.com\/wp-content\/uploads\/2018\/02\/Jornal-do-M\u00e9dio-Vale-Timbo-SC-3-mai-2013.jpg\"> <svg width=\"20\" height=\"10\"><path d=\"M 0,10 Q 9,9 10,0 Q 11,9 20,10\" \/><\/svg> <img decoding=\"async\" src=\"https:\/\/familiatafner.com\/wp-content\/uploads\/2018\/02\/Jornal-do-M\u00e9dio-Vale-Timbo-SC-3-mai-2013-thegem-post-thumb-small.jpg\" alt=\"\" class=\"img-responsive\"> <span class=\"gem-gallery-caption slide-info\"> <span class=\"gem-gallery-item-title \"><p>Jornal do M\u00e9dio Vale (Timb\u00f3\/SC) &#8211; 03\/05\/2013<\/p>\n<\/span> <\/span> <\/a> <span class=\"gem-gallery-line\"><\/span> <\/div> <\/div> <div class=\"gem-gallery-item\"> <div class=\"gem-gallery-item-image\"> <a href=\"https:\/\/familiatafner.com\/wp-content\/uploads\/2018\/02\/Jornal-do-M\u00e9dio-Vale-Timb\u00f3-SC-15-jun-2012-thegem-gallery-fullwidth.jpg\" data-fancybox-group=\"gallery-69ea798273037\" data-full-image-url=\"https:\/\/familiatafner.com\/wp-content\/uploads\/2018\/02\/Jornal-do-M\u00e9dio-Vale-Timb\u00f3-SC-15-jun-2012.jpg\"> <svg width=\"20\" height=\"10\"><path d=\"M 0,10 Q 9,9 10,0 Q 11,9 20,10\" \/><\/svg> <img decoding=\"async\" src=\"https:\/\/familiatafner.com\/wp-content\/uploads\/2018\/02\/Jornal-do-M\u00e9dio-Vale-Timb\u00f3-SC-15-jun-2012-thegem-post-thumb-small.jpg\" alt=\"\" class=\"img-responsive\"> <span class=\"gem-gallery-caption slide-info\"> <span class=\"gem-gallery-item-title \"><p>Jornal do M\u00e9dio Vale (Timb\u00f3\/SC) &#8211; 03\/05\/2013<\/p>\n<\/span> <\/span> <\/a> <span class=\"gem-gallery-line\"><\/span> <\/div> <\/div> <div class=\"gem-gallery-item\"> <div class=\"gem-gallery-item-image\"> <a href=\"https:\/\/familiatafner.com\/wp-content\/uploads\/2018\/04\/mediovale-2018-thegem-gallery-fullwidth.jpg\" data-fancybox-group=\"gallery-69ea798273037\" data-full-image-url=\"https:\/\/familiatafner.com\/wp-content\/uploads\/2018\/04\/mediovale-2018.jpg\"> <svg width=\"20\" height=\"10\"><path d=\"M 0,10 Q 9,9 10,0 Q 11,9 20,10\" \/><\/svg> <img decoding=\"async\" src=\"https:\/\/familiatafner.com\/wp-content\/uploads\/2018\/04\/mediovale-2018-thegem-post-thumb-small.jpg\" alt=\"\" class=\"img-responsive\"> <span class=\"gem-gallery-caption slide-info\"> <span class=\"gem-gallery-item-title \"><p>Jornal do M\u00e9dio Vale (Timb\u00f3\/SC) &#8211; 06\/03\/2018<\/p>\n<\/span> <\/span> <\/a> <span class=\"gem-gallery-line\"><\/span> <\/div> <\/div> <\/div>[vc_empty_space][\/vc_column][\/vc_row][vc_row][vc_column]<div id=\"fullwidth-block-69ea7982736fb\" class=\"fullwidth-block clearfix\"  style=\"color: #d95959;background-color: #d95959;\"><script type=\"text\/javascript\">if (typeof(gem_fix_fullwidth_position) == \"function\") { gem_fix_fullwidth_position(document.getElementById(\"fullwidth-block-69ea7982736fb\")); }<\/script><div class=\"fullwidth-block-inner\">[vc_column_text]<\/p>\n<p style=\"text-align: center;\"><span style=\"color: #ffffff;\">Sito web sviluppato da Andrey Jos\u00e9 Taffner Fraga e Renan Phelipe Taffner Fraga.<\/span><br \/>\n<span style=\"color: #ffffff;\">Contenuto protetto da copyright<\/span><\/p>\n<p>[\/vc_column_text]<\/div><\/div>[\/vc_column][\/vc_row]<\/p>\n<\/div>","protected":false},"excerpt":{"rendered":"<p>[vc_row][vc_column][vc_raw_js]JTNDJTIxLS0lMjBHbG9iYWwlMjBzaXRlJTIwdGFnJTIwJTI4Z3RhZy5qcyUyOSUyMC0lMjBHb29nbGUlMjBBbmFseXRpY3MlMjAtLSUzRSUwQSUzQ3NjcmlwdCUyMGFzeW5jJTIwc3JjJTNEJTIyaHR0cHMlM0ElMkYlMkZ3d3cuZ29vZ2xldGFnbWFuYWdlci5jb20lMkZndGFnJTJGanMlM0ZpZCUzRFVBLTEwNjU0MjI0OS02JTIyJTNFJTNDJTJGc2NyaXB0JTNFJTBBJTNDc2NyaXB0JTNFJTBBJTIwJTIwd2luZG93LmRhdGFMYXllciUyMCUzRCUyMHdpbmRvdy5kYXRhTGF5ZXIlMjAlN0MlN0MlMjAlNUIlNUQlM0IlMEElMjAlMjBmdW5jdGlvbiUyMGd0YWclMjglMjklN0JkYXRhTGF5ZXIucHVzaCUyOGFyZ3VtZW50cyUyOSUzQiU3RCUwQSUyMCUyMGd0YWclMjglMjdqcyUyNyUyQyUyMG5ldyUyMERhdGUlMjglMjklMjklM0IlMEElMEElMjAlMjBndGFnJTI4JTI3Y29uZmlnJTI3JTJDJTIwJTI3VUEtMTA2NTQyMjQ5LTYlMjclMjklM0IlMEElM0MlMkZzY3JpcHQlM0U=[\/vc_raw_js][vc_empty_space height=&#8221;60px&#8221;][vc_column_text css_animation=&#8221;fadeInDown&#8221;] Pubblicazione del libro della \u201cFamiglia Tafner\u201d &nbsp; Nel mese di marzo 2017 \u00e8 stato pubblicato il libro&#8230;<\/p>\n","protected":false},"author":1,"featured_media":0,"parent":0,"menu_order":0,"comment_status":"closed","ping_status":"closed","template":"","meta":{"footnotes":""},"class_list":["post-107","page","type-page","status-publish"],"_links":{"self":[{"href":"https:\/\/familiatafner.com\/it\/wp-json\/wp\/v2\/pages\/107","targetHints":{"allow":["GET"]}}],"collection":[{"href":"https:\/\/familiatafner.com\/it\/wp-json\/wp\/v2\/pages"}],"about":[{"href":"https:\/\/familiatafner.com\/it\/wp-json\/wp\/v2\/types\/page"}],"author":[{"embeddable":true,"href":"https:\/\/familiatafner.com\/it\/wp-json\/wp\/v2\/users\/1"}],"replies":[{"embeddable":true,"href":"https:\/\/familiatafner.com\/it\/wp-json\/wp\/v2\/comments?post=107"}],"version-history":[{"count":44,"href":"https:\/\/familiatafner.com\/it\/wp-json\/wp\/v2\/pages\/107\/revisions"}],"predecessor-version":[{"id":781,"href":"https:\/\/familiatafner.com\/it\/wp-json\/wp\/v2\/pages\/107\/revisions\/781"}],"wp:attachment":[{"href":"https:\/\/familiatafner.com\/it\/wp-json\/wp\/v2\/media?parent=107"}],"curies":[{"name":"wp","href":"https:\/\/api.w.org\/{rel}","templated":true}]}}