{"id":53,"date":"2017-11-11T19:09:40","date_gmt":"2017-11-11T19:09:40","guid":{"rendered":"http:\/\/familiatafner.com\/?page_id=53"},"modified":"2018-02-18T11:11:53","modified_gmt":"2018-02-18T13:11:53","slug":"home","status":"publish","type":"page","link":"https:\/\/familiatafner.com\/it\/","title":{"rendered":"Home"},"content":{"rendered":"<div class=\"wpb-content-wrapper\"><p>[vc_row][vc_column width=&#8221;1\/2&#8243;][vc_empty_space height=&#8221;100px&#8221;][vc_column_text css_animation=&#8221;fadeInDown&#8221;]<\/p>\n<h3 style=\"text-align: center;\"><strong>Incontro della famiglia Tafner<\/strong><\/h3>\n<p>Il 19 novembre \u00e8 stato abbastanza speciale per la famiglia Tafner. Per la prima volta i discendenti di Angelo Tafner, immigrato e patriarca di tutta la famiglia in Santa Catarina (Brasile), si sono riuniti per celebrare la loro storia.<\/p>\n<p>L&#8217;evento si \u00e8 tenuto nella comunit\u00e0 di Santo Ant\u00f4nio, nel paese di Rio dos Cedros (Santa Catarina \u2013 Brasile). La scelta di questo luogo non \u00e8 stata casuale: infatti, \u00e8 stato il punto d\u00b4arrivo del primo nucleo di immigrati trentini nel paese, tutti originari di Mattarello (Trento &#8211; Italia).[\/vc_column_text][vc_btn title=&#8221;Continua a leggere&#8221; size=&#8221;lg&#8221; i_icon_fontawesome=&#8221;fa fa-info-circle&#8221; add_icon=&#8221;true&#8221; link=&#8221;url:http%3A%2F%2Ffamiliatafner.com%2Fit%2Fencontro_tafner%2F|||&#8221;][\/vc_column][vc_column width=&#8221;1\/2&#8243;][vc_empty_space height=&#8221;100px&#8221;][vc_single_image image=&#8221;530&#8243; img_size=&#8221;large&#8221; alignment=&#8221;center&#8221; css_animation=&#8221;fadeInDown&#8221;][\/vc_column][\/vc_row][vc_row][vc_column width=&#8221;1\/2&#8243;][vc_empty_space height=&#8221;100px&#8221;][vc_column_text css_animation=&#8221;none&#8221;]<\/p>\n<h3 style=\"text-align: center;\">PUBBLICAZIONE DEL LIBRO DELLA \u201cFAMIGLIA TAFNER\u201d<\/h3>\n<p>Nel mese di marzo 2017 \u00e8 stato pubblicato il libro \u201cFam\u00edlia Tafner: surgimento e trajet\u00f3ria, na Europa e no Brasil\u201d (Famiglia Tafner: origine ed evoluzione in Europa e in Brasile \u2013 ancora senza traduzione in italiano).<\/p>\n<p>Gli autori sono Maria Antonietta Bellato Tafner (di Trento), Olivio Taffner (Rio dos Cedros\/SC \u2013 Brasile) e Andrey Jos\u00e9 Taffner Fraga (Blumenau\/SC \u2013 Brasile).<\/p>\n<p>Il libro \u00e8 stato patrocinato dal prof. Jos\u00e9 Tafner, con prefazione di Alberto Tafner, attuale presidente dell\u2019Associazione Trentini nel Mondo (con sede a Trento).[\/vc_column_text][vc_btn title=&#8221;Continua a leggere&#8221; size=&#8221;lg&#8221; i_icon_fontawesome=&#8221;fa fa-info-circle&#8221; add_icon=&#8221;true&#8221; link=&#8221;url:http%3A%2F%2Ffamiliatafner.com%2Flivro-da-familia-tafner%2F|||&#8221;][\/vc_column][vc_column width=&#8221;1\/2&#8243;][vc_single_image image=&#8221;76&#8243; img_size=&#8221;355&#215;533&#8243; alignment=&#8221;center&#8221; css_animation=&#8221;fadeInDown&#8221;]<div id=\"fullwidth-block-69eb285a9fbe2\" class=\"fullwidth-block fullwidth-block-parallax-vertical clearfix\" data-mobile-parallax-enable=\"0\" style=\"color: #ffffff;background-color: #ffffff;\"><script type=\"text\/javascript\">if (typeof(gem_fix_fullwidth_position) == \"function\") { gem_fix_fullwidth_position(document.getElementById(\"fullwidth-block-69eb285a9fbe2\")); }<\/script><div class=\"fullwidth-block-inner\"><\/div><\/div>[\/vc_column][\/vc_row][vc_row][vc_column width=&#8221;1\/2&#8243;][vc_empty_space height=&#8221;80px&#8221;][vc_column_text]<\/p>\n<h3><\/h3>\n<h3 style=\"text-align: left;\">Storia della Famiglia Tafner<\/h3>\n<p>Il cognome deriva dal termine tedesco Tauf, e si riferisce ad una caratteristica geografica, nella fattispecie \u201cabisso\u201d, \u201cprecipizio\u201d, \u201csentiero ripido di montagna\u201d, \u201cgrotta, caverna\u201d: \u00e8 abbastanza diffuso nei Paesi di lingua tedesca dell\u2019arco alpino (Svizzera, Austria, Germania), mentre \u00e8 unico in Italia.<\/p>\n<p>Nell\u2019Italia del nord, pi\u00f9 precisamente in provincia di Bolzano (territorio che ospita soprattutto una popolazione di origine e lingua tedesca), esistono molti luoghi chiamati Tauf (o un derivato da questo termine); in particolare, vicino al confine con l\u2019Austria, in Val di Tures (Tauferer Ahrntal) sorge Castel Tures (Schloss Taufers) appartenuto alla famiglia nobile dei Signori di Tures (Herren von Taufers); questa dinastia si \u00e8 estinta nel 1340.[\/vc_column_text][vc_btn title=&#8221;Continua a leggere&#8221; size=&#8221;lg&#8221; i_icon_fontawesome=&#8221;fa fa-info-circle&#8221; add_icon=&#8221;true&#8221; link=&#8221;url:http%3A%2F%2Ffamiliatafner.com%2Fhistoria|||&#8221;][\/vc_column][vc_column width=&#8221;1\/2&#8243;][vc_empty_space height=&#8221;80px&#8221;][vc_single_image image=&#8221;99&#8243; img_size=&#8221;600&#215;487&#8243; alignment=&#8221;center&#8221;][\/vc_column][\/vc_row][vc_row content_placement=&#8221;bottom&#8221;][vc_column]<div id=\"fullwidth-block-69eb285a9fbe8\" class=\"fullwidth-block clearfix\"  style=\"color: #d95959;background-color: #d95959;\"><script type=\"text\/javascript\">if (typeof(gem_fix_fullwidth_position) == \"function\") { gem_fix_fullwidth_position(document.getElementById(\"fullwidth-block-69eb285a9fbe8\")); }<\/script><div class=\"fullwidth-block-inner\">[vc_column_text]<\/p>\n<p style=\"text-align: center;\"><span style=\"color: #ffffff;\">Sito web sviluppato da Andrey Jos\u00e9 Taffner Fraga e Renan Phelipe Taffner Fraga.<\/span><br \/>\n<span style=\"color: #ffffff;\">Contenuto protetto da copyright<\/span><\/p>\n<p>[\/vc_column_text]<\/div><\/div>[\/vc_column][\/vc_row]<\/p>\n<\/div>","protected":false},"excerpt":{"rendered":"<p>[vc_row][vc_column width=&#8221;1\/2&#8243;][vc_empty_space height=&#8221;100px&#8221;][vc_column_text css_animation=&#8221;fadeInDown&#8221;] Incontro della famiglia Tafner Il 19 novembre \u00e8 stato abbastanza speciale per la famiglia Tafner. Per&#8230;<\/p>\n","protected":false},"author":1,"featured_media":0,"parent":0,"menu_order":0,"comment_status":"closed","ping_status":"closed","template":"","meta":{"footnotes":""},"class_list":["post-53","page","type-page","status-publish"],"_links":{"self":[{"href":"https:\/\/familiatafner.com\/it\/wp-json\/wp\/v2\/pages\/53","targetHints":{"allow":["GET"]}}],"collection":[{"href":"https:\/\/familiatafner.com\/it\/wp-json\/wp\/v2\/pages"}],"about":[{"href":"https:\/\/familiatafner.com\/it\/wp-json\/wp\/v2\/types\/page"}],"author":[{"embeddable":true,"href":"https:\/\/familiatafner.com\/it\/wp-json\/wp\/v2\/users\/1"}],"replies":[{"embeddable":true,"href":"https:\/\/familiatafner.com\/it\/wp-json\/wp\/v2\/comments?post=53"}],"version-history":[{"count":99,"href":"https:\/\/familiatafner.com\/it\/wp-json\/wp\/v2\/pages\/53\/revisions"}],"predecessor-version":[{"id":772,"href":"https:\/\/familiatafner.com\/it\/wp-json\/wp\/v2\/pages\/53\/revisions\/772"}],"wp:attachment":[{"href":"https:\/\/familiatafner.com\/it\/wp-json\/wp\/v2\/media?parent=53"}],"curies":[{"name":"wp","href":"https:\/\/api.w.org\/{rel}","templated":true}]}}